{"id":43,"date":"2022-05-09T15:30:56","date_gmt":"2022-05-09T12:30:56","guid":{"rendered":"https:\/\/www.mersinmuhbir.com\/?page_id=43"},"modified":"2026-03-02T19:08:30","modified_gmt":"2026-03-02T16:08:30","slug":"hakkimizda","status":"publish","type":"page","link":"https:\/\/mersinmuhbir.com\/index.php\/hakkimizda\/","title":{"rendered":"Hakk\u0131m\u0131zda"},"content":{"rendered":"<p data-start=\"98\" data-end=\"170\"><strong data-start=\"98\" data-end=\"170\">Mersin Muhbir | Son Dakika Mersin Haberleri | Yerel ve G\u00fcncel G\u00fcndem<\/strong><\/p>\n<p data-start=\"172\" data-end=\"607\">Mersin Muhbir, Mersin ve t\u00fcm il\u00e7elerinde ya\u015fanan son dakika geli\u015fmelerini, yerel g\u00fcndemi ve \u00f6zel haber dosyalar\u0131n\u0131 h\u0131zl\u0131, do\u011fru ve tarafs\u0131z habercilik anlay\u0131\u015f\u0131yla okuyucular\u0131na ula\u015ft\u0131ran g\u00fc\u00e7l\u00fc bir dijital haber platformudur. Mersin son dakika haberleri, Tarsus haberleri, Mezitli haberleri, Toroslar haberleri, Yeni\u015fehir haberleri ve Akdeniz haberleri ba\u015fta olmak \u00fczere b\u00f6lgenin en g\u00fcvenilir yerel haber kayna\u011f\u0131 olmay\u0131 hedeflemektedir.<\/p>\n<p data-start=\"609\" data-end=\"984\">Siyaset, ekonomi, asayi\u015f, spor, sa\u011fl\u0131k, e\u011fitim ve ya\u015fam kategorilerinde \u00f6zg\u00fcn i\u00e7erikler \u00fcreten Mersin Muhbir; ara\u015ft\u0131rmac\u0131 gazetecilik, g\u00fc\u00e7l\u00fc saha a\u011f\u0131 ve do\u011frulanm\u0131\u015f bilgi prensibiyle yay\u0131n yapmaktad\u0131r. Yerel y\u00f6netimler, belediyeler, resmi kurumlar, i\u015f d\u00fcnyas\u0131 ve kent ya\u015fam\u0131na dair en g\u00fcncel geli\u015fmeleri anl\u0131k olarak takip edebilir, Mersin g\u00fcndemini ilk siz \u00f6\u011frenebilirsiniz.<\/p>\n<p data-start=\"986\" data-end=\"1340\">Mersin Muhbir, dijital medya, stratejik ileti\u015fim, kurumsal itibar y\u00f6netimi ve marka dan\u0131\u015fmanl\u0131\u011f\u0131 alanlar\u0131nda faaliyet g\u00f6steren <span class=\"hover:entity-accent entity-underline inline cursor-pointer align-baseline\"><span class=\"whitespace-normal\">ROTA BUSINESS PR<\/span><\/span> b\u00fcnyesinde yay\u0131n hayat\u0131n\u0131 s\u00fcrd\u00fcrmektedir. Kurumsal yay\u0131nc\u0131l\u0131k ilkeleri do\u011frultusunda; \u015feffafl\u0131k, do\u011fruluk, g\u00fcvenilirlik ve kamu yarar\u0131 odakl\u0131 habercilik anlay\u0131\u015f\u0131yla faaliyet g\u00f6stermektedir.<\/p>\n<p data-start=\"1342\" data-end=\"1584\">Yerel bas\u0131nda g\u00fc\u00e7l\u00fc, dijital medyada etkili ve arama motorlar\u0131nda y\u00fcksek g\u00f6r\u00fcn\u00fcrl\u00fck hedefiyle; Mersin haber, Mersin son dakika, Mersin g\u00fcndem, Mersin ekonomi, Mersin i\u015f d\u00fcnyas\u0131 ve b\u00f6lgesel geli\u015fmeleri kesintisiz \u015fekilde sizlere ula\u015ft\u0131r\u0131yoruz.<\/p>\n<p data-start=\"1586\" data-end=\"1723\">\u00a9 2026 Mersin Muhbir. T\u00fcm haklar\u0131 sakl\u0131d\u0131r.<\/p>\n","protected":false},"excerpt":{"rendered":"<p>Mersin Muhbir | Son Dakika Mersin Haberleri | Yerel ve G\u00fcncel G\u00fcndem Mersin Muhbir, Mersin ve t\u00fcm il\u00e7elerinde ya\u015fanan son dakika geli\u015fmelerini, yerel g\u00fcndemi ve \u00f6zel haber dosyalar\u0131n\u0131 h\u0131zl\u0131, do\u011fru ve tarafs\u0131z habercilik anlay\u0131\u015f\u0131yla okuyucular\u0131na ula\u015ft\u0131ran g\u00fc\u00e7l\u00fc bir dijital haber platformudur. Mersin son dakika haberleri, Tarsus haberleri, Mezitli haberleri, Toroslar haberleri, Yeni\u015fehir haberleri ve Akdeniz [&hellip;]<\/p>\n","protected":false},"author":1,"featured_media":0,"parent":0,"menu_order":1,"comment_status":"closed","ping_status":"closed","template":"pages\/page-sidemenu.php","meta":{"footnotes":""},"class_list":["post-43","page","type-page","status-publish","hentry"],"_links":{"self":[{"href":"https:\/\/mersinmuhbir.com\/index.php\/wp-json\/wp\/v2\/pages\/43","targetHints":{"allow":["GET"]}}],"collection":[{"href":"https:\/\/mersinmuhbir.com\/index.php\/wp-json\/wp\/v2\/pages"}],"about":[{"href":"https:\/\/mersinmuhbir.com\/index.php\/wp-json\/wp\/v2\/types\/page"}],"author":[{"embeddable":true,"href":"https:\/\/mersinmuhbir.com\/index.php\/wp-json\/wp\/v2\/users\/1"}],"replies":[{"embeddable":true,"href":"https:\/\/mersinmuhbir.com\/index.php\/wp-json\/wp\/v2\/comments?post=43"}],"version-history":[{"count":0,"href":"https:\/\/mersinmuhbir.com\/index.php\/wp-json\/wp\/v2\/pages\/43\/revisions"}],"wp:attachment":[{"href":"https:\/\/mersinmuhbir.com\/index.php\/wp-json\/wp\/v2\/media?parent=43"}],"curies":[{"name":"wp","href":"https:\/\/api.w.org\/{rel}","templated":true}]}}